{"id":445,"date":"2020-07-01T16:37:56","date_gmt":"2020-07-01T16:37:56","guid":{"rendered":"http:\/\/demos.upperthemes.com\/alma\/site1\/?page_id=445"},"modified":"2024-07-15T11:50:36","modified_gmt":"2024-07-15T09:50:36","slug":"consultas","status":"publish","type":"page","link":"https:\/\/www.anakovacspsicologia.com\/en\/consultas\/","title":{"rendered":"Services"},"content":{"rendered":"<div class=\"vc_row wpb_row vc_row-fluid\"><div class=\"wpb_column vc_column_container vc_col-sm-12\"><div class=\"vc_column-inner\"><div class=\"wpb_wrapper\"><div class=\"vc_empty_space\"   style=\"height: 48px\"><span class=\"vc_empty_space_inner\"><\/span><\/div><\/div><\/div><\/div><div class=\"wpb_column vc_column_container vc_col-sm-4\"><div class=\"vc_column-inner\"><div class=\"wpb_wrapper\"><\/div><\/div><\/div><div class=\"wpb_column vc_column_container vc_col-sm-4\"><div class=\"vc_column-inner\"><div class=\"wpb_wrapper\"><\/div><\/div><\/div><div class=\"wpb_column vc_column_container vc_col-sm-4\"><div class=\"vc_column-inner\"><div class=\"wpb_wrapper\"><\/div><\/div><\/div><div class=\"wpb_column vc_column_container vc_col-sm-1\/5\"><div class=\"vc_column-inner\"><div class=\"wpb_wrapper\"><div class=\"ult-new-ib ult-ib-effect-style6  ult-ib-resp ult-ib2-min-height\" data-min-width=\"768\" data-max-width=\"900\" style=\"background:#3a3737; opacity:0; \" data-opacity=\"0.5\" data-hover-opacity=\"0.8\"  data-min-height=\"400\" ><img decoding=\"async\" class=\"ult-new-ib-img\" style=\"opacity:0.5;\" alt=\"Psicolog\u00eda Terapias Madrid Ana Kovacs\" src=\"https:\/\/www.anakovacspsicologia.com\/wp-content\/uploads\/2023\/08\/Psicologia-Terapias-Madrid-Ana-Kovacs-13.webp\"  data-min-height=\"400\"   \/><div id=\"interactive-banner-wrap-8549\" class=\"ult-new-ib-desc\" style=\"\"><h6 class=\"ult-new-ib-title ult-responsive\"  data-ultimate-target='#interactive-banner-wrap-8549 .ult-new-ib-title'  data-responsive-json-new='{\"font-size\":\"desktop:22px;\",\"line-height\":\"\"}'  style=\"font-family:&#039;Dosis&#039;;font-weight:600;color:#ffffff;\">TEENS<\/h6><\/div><a class=\"ult-new-ib-link\" href=\"https:\/\/www.anakovacspsicologia.com\/consultas\/psicologia-para-adolescentes\/\" title=\"Teens\"  ><\/a><\/div><\/div><\/div><\/div><div class=\"wpb_column vc_column_container vc_col-sm-1\/5\"><div class=\"vc_column-inner\"><div class=\"wpb_wrapper\"><div class=\"ult-new-ib ult-ib-effect-style6  ult-ib-resp ult-ib2-min-height\" data-min-width=\"768\" data-max-width=\"900\" style=\"background:#3a3737; opacity:0; \" data-opacity=\"0.5\" data-hover-opacity=\"0.8\"  data-min-height=\"400\" ><img decoding=\"async\" class=\"ult-new-ib-img\" style=\"opacity:0.5;\" alt=\"La consulta con Ana Kovacs Psicolog\u00eda Madrid\" src=\"https:\/\/www.anakovacspsicologia.com\/wp-content\/uploads\/2023\/09\/Ana-Kovacs-Psicologia-Online-Madrid-Presencial-12.webp\"  data-min-height=\"400\"   \/><div id=\"interactive-banner-wrap-2371\" class=\"ult-new-ib-desc\" style=\"\"><h6 class=\"ult-new-ib-title ult-responsive\"  data-ultimate-target='#interactive-banner-wrap-2371 .ult-new-ib-title'  data-responsive-json-new='{\"font-size\":\"desktop:22px;\",\"line-height\":\"\"}'  style=\"font-family:&#039;Dosis&#039;;font-weight:600;color:#ffffff;\">ADULTS<\/h6><\/div><a class=\"ult-new-ib-link\" href=\"https:\/\/www.anakovacspsicologia.com\/consultas\/psicologia-para-adultos\/\" title=\"Adults\"  ><\/a><\/div><\/div><\/div><\/div><div class=\"wpb_column vc_column_container vc_col-sm-1\/5\"><div class=\"vc_column-inner\"><div class=\"wpb_wrapper\"><div class=\"ult-new-ib ult-ib-effect-style6  ult-ib-resp ult-ib2-min-height\" data-min-width=\"768\" data-max-width=\"900\" style=\"background:#3a3737; opacity:0; \" data-opacity=\"0.5\" data-hover-opacity=\"0.8\"  data-min-height=\"400\" ><img decoding=\"async\" class=\"ult-new-ib-img\" style=\"opacity:0.5;\" alt=\"Ana Kovacs Piscolog\u00eda Asesoramiento familiar\" src=\"https:\/\/www.anakovacspsicologia.com\/wp-content\/uploads\/2024\/07\/Ana_profesional-101-scaled.jpg\"  data-min-height=\"400\"   \/><div id=\"interactive-banner-wrap-6601\" class=\"ult-new-ib-desc\" style=\"\"><h6 class=\"ult-new-ib-title ult-responsive\"  data-ultimate-target='#interactive-banner-wrap-6601 .ult-new-ib-title'  data-responsive-json-new='{\"font-size\":\"desktop:22px;\",\"line-height\":\"\"}'  style=\"font-family:&#039;Dosis&#039;;font-weight:600;color:#ffffff;\">ASESORAMIENTO FAMILIAS<\/h6><\/div><a class=\"ult-new-ib-link\" href=\"https:\/\/www.anakovacspsicologia.com\/consultas\/psicologia-asesoria-familiar\/\" title=\"Family Counseling\"  ><\/a><\/div><div class=\"vc_empty_space\"   style=\"height: 32px\"><span class=\"vc_empty_space_inner\"><\/span><\/div><\/div><\/div><\/div><div class=\"wpb_column vc_column_container vc_col-sm-1\/5\"><div class=\"vc_column-inner\"><div class=\"wpb_wrapper\"><div class=\"ult-new-ib ult-ib-effect-style6  ult-ib-resp ult-ib2-min-height\" data-min-width=\"768\" data-max-width=\"900\" style=\"background:#3a3737; opacity:0; \" data-opacity=\"0.5\" data-hover-opacity=\"0.8\"  data-min-height=\"400\" ><img decoding=\"async\" class=\"ult-new-ib-img\" style=\"opacity:0.5;\" alt=\"Ana Kovacs psicologia, consultas en perinatal\" src=\"https:\/\/www.anakovacspsicologia.com\/wp-content\/uploads\/2023\/08\/Psicologia-Terapias-Madrid-Ana-Kovacs-20.webp\"  data-min-height=\"400\"   \/><div id=\"interactive-banner-wrap-4686\" class=\"ult-new-ib-desc\" style=\"\"><h6 class=\"ult-new-ib-title ult-responsive\"  data-ultimate-target='#interactive-banner-wrap-4686 .ult-new-ib-title'  data-responsive-json-new='{\"font-size\":\"desktop:22px;\",\"line-height\":\"\"}'  style=\"font-family:&#039;Dosis&#039;;font-weight:600;color:#ffffff;\">PERINATAL<\/h6><\/div><a class=\"ult-new-ib-link\" href=\"https:\/\/www.anakovacspsicologia.com\/consultas\/psicologia-perinatal\/\" title=\"Perinatal psychology\"  ><\/a><\/div><\/div><\/div><\/div><div class=\"wpb_column vc_column_container vc_col-sm-1\/5\"><div class=\"vc_column-inner\"><div class=\"wpb_wrapper\"><div class=\"ult-new-ib ult-ib-effect-style6  ult-ib-resp ult-ib2-min-height\" data-min-width=\"768\" data-max-width=\"900\" style=\"background:#3a3737; opacity:0; \" data-opacity=\"0.5\" data-hover-opacity=\"0.8\"  data-min-height=\"400\" ><img decoding=\"async\" class=\"ult-new-ib-img\" style=\"opacity:0.5;\" alt=\"null\" src=\"https:\/\/www.anakovacspsicologia.com\/wp-content\/uploads\/2024\/07\/MMP_2307_AK_50-scaled.jpg\"  data-min-height=\"400\"   \/><div id=\"interactive-banner-wrap-7528\" class=\"ult-new-ib-desc\" style=\"\"><h6 class=\"ult-new-ib-title ult-responsive\"  data-ultimate-target='#interactive-banner-wrap-7528 .ult-new-ib-title'  data-responsive-json-new='{\"font-size\":\"desktop:22px;\",\"line-height\":\"\"}'  style=\"font-family:&#039;Dosis&#039;;font-weight:600;color:#ffffff;\">ONLINE<\/h6><\/div><a class=\"ult-new-ib-link\" href=\"https:\/\/www.anakovacspsicologia.com\/consultas\/consultas-online\/\" title=\"Online Consultations\"  ><\/a><\/div><\/div><\/div><\/div><\/div><div class=\"vc_row wpb_row vc_row-fluid vc_custom_1700404038652\"><div class=\"wpb_column vc_column_container vc_col-sm-2\"><div class=\"vc_column-inner\"><div class=\"wpb_wrapper\"><\/div><\/div><\/div><div class=\"wpb_column vc_column_container vc_col-sm-8\"><div class=\"vc_column-inner\"><div class=\"wpb_wrapper\"><\/div><\/div><\/div><div class=\"wpb_column vc_column_container vc_col-sm-2\"><div class=\"vc_column-inner\"><div class=\"wpb_wrapper\"><\/div><\/div><\/div><div class=\"wpb_column vc_column_container vc_col-sm-12\"><div class=\"vc_column-inner\"><div class=\"wpb_wrapper\"><h3 style=\"font-size: 1em;color: #ffffff;text-align: center\" class=\"vc_custom_heading\" >Make your appointment with me<\/h3><div class=\"ubtn-ctn-center\"><a class=\"ubtn-link ult-adjust-bottom-margin ubtn-center ubtn-normal\" href=\"https:\/\/www.anakovacspsicologia.com\/contacto\/\" ><button type=\"button\" id=\"ubtn-7318\"  class=\"ubtn ult-adjust-bottom-margin ult-responsive ubtn-normal ubtn-no-hover-bg  none  ubtn-center   tooltip-69f3122a91fa1\"  data-hover=\"\" data-border-color=\"\" data-bg=\"#d3aaa3\" data-hover-bg=\"\" data-border-hover=\"\" data-shadow-hover=\"\" data-shadow-click=\"none\" data-shadow=\"\" data-shd-shadow=\"\"  data-ultimate-target='#ubtn-7318'  data-responsive-json-new='{\"font-size\":\"desktop:16px;\",\"line-height\":\"\"}'  style=\"font-weight:normal;border:none;background: #d3aaa3;color: #ffffff;\"><span class=\"ubtn-hover\" style=\"background-color:\"><\/span><span class=\"ubtn-data ubtn-text\" >Make an appointment<\/span><\/button><\/a><\/div><\/div><\/div><\/div><\/div><!-- Row Backgrounds --><div class=\"upb_bg_img\" data-ultimate-bg=\"url(https:\/\/www.anakovacspsicologia.com\/wp-content\/uploads\/2023\/08\/Psicologia-Terapias-Madrid-Ana-Kovacs-4.webp)\" data-image-id=\"id^1359|url^https:\/\/www.anakovacspsicologia.com\/wp-content\/uploads\/2023\/08\/Psicologia-Terapias-Madrid-Ana-Kovacs-4.webp|caption^null|alt^Psicolog\u00eda Terapias Madrid Ana Kovacs |title^Psicolog\u00eda Terapias Madrid Ana Kovacs (4)|description^Psicolog\u00eda Terapias Madrid Ana Kovacs\" data-ultimate-bg-style=\"vcpb-default\" data-bg-img-repeat=\"no-repeat\" data-bg-img-size=\"cover\" data-bg-img-position=\"\" data-parallx_sense=\"30\" data-bg-override=\"ex-full\" data-bg_img_attach=\"scroll\" data-upb-overlay-color=\"rgba(0,0,0,0.2)\" data-upb-bg-animation=\"\" data-fadeout=\"\" data-bg-animation=\"left-animation\" data-bg-animation-type=\"h\" data-animation-repeat=\"repeat\" data-fadeout-percentage=\"30\" data-parallax-content=\"\" data-parallax-content-sense=\"30\" data-row-effect-mobile-disable=\"true\" data-img-parallax-mobile-disable=\"true\" data-rtl=\"false\"  data-custom-vc-row=\"\"  data-vc=\"6.10.1\"  data-is_old_vc=\"\"  data-theme-support=\"\"   data-overlay=\"true\" data-overlay-color=\"rgba(0,0,0,0.2)\" data-overlay-pattern=\"\" data-overlay-pattern-opacity=\"0.8\" data-overlay-pattern-size=\"\" data-overlay-pattern-attachment=\"scroll\"    ><\/div><section class=\"vc_section\"><\/section>","protected":false},"excerpt":{"rendered":"ADOLESCENTESADULTOSASESORAMIENTO FAMILIASPERINATALONLINEPide tu cita conmigoPedir cita","protected":false},"author":1,"featured_media":0,"parent":0,"menu_order":0,"comment_status":"closed","ping_status":"closed","template":"page.php","meta":{"footnotes":""},"class_list":["post-445","page","type-page","status-publish","hentry"],"_links":{"self":[{"href":"https:\/\/www.anakovacspsicologia.com\/en\/wp-json\/wp\/v2\/pages\/445","targetHints":{"allow":["GET"]}}],"collection":[{"href":"https:\/\/www.anakovacspsicologia.com\/en\/wp-json\/wp\/v2\/pages"}],"about":[{"href":"https:\/\/www.anakovacspsicologia.com\/en\/wp-json\/wp\/v2\/types\/page"}],"author":[{"embeddable":true,"href":"https:\/\/www.anakovacspsicologia.com\/en\/wp-json\/wp\/v2\/users\/1"}],"replies":[{"embeddable":true,"href":"https:\/\/www.anakovacspsicologia.com\/en\/wp-json\/wp\/v2\/comments?post=445"}],"version-history":[{"count":51,"href":"https:\/\/www.anakovacspsicologia.com\/en\/wp-json\/wp\/v2\/pages\/445\/revisions"}],"predecessor-version":[{"id":1875,"href":"https:\/\/www.anakovacspsicologia.com\/en\/wp-json\/wp\/v2\/pages\/445\/revisions\/1875"}],"wp:attachment":[{"href":"https:\/\/www.anakovacspsicologia.com\/en\/wp-json\/wp\/v2\/media?parent=445"}],"curies":[{"name":"wp","href":"https:\/\/api.w.org\/{rel}","templated":true}]}}