{"id":404,"date":"2020-07-01T15:43:38","date_gmt":"2020-07-01T15:43:38","guid":{"rendered":"http:\/\/demos.upperthemes.com\/alma\/site1\/?page_id=404"},"modified":"2024-08-02T19:01:14","modified_gmt":"2024-08-02T17:01:14","slug":"ana-kovacs","status":"publish","type":"page","link":"https:\/\/www.anakovacspsicologia.com\/en\/ana-kovacs\/","title":{"rendered":"Ana Kovacs"},"content":{"rendered":"<div data-vc-full-width=\"true\" data-vc-full-width-init=\"false\" data-vc-stretch-content=\"true\" class=\"vc_row wpb_row vc_row-fluid vc_row-no-padding vc_row-o-equal-height vc_row-o-content-middle vc_row-flex\"><div class=\"home-padding2 wpb_column vc_column_container vc_col-sm-6\"><div class=\"vc_column-inner\"><div class=\"wpb_wrapper\"><div class=\"ult-content-box-container\" >\t\t<div class=\"ult-content-box\" style=\"background-color:#ffffff;box-shadow: px px px px none;padding-top:100px;padding-right:80px;padding-bottom:100px;padding-left:80px;min-height:500px;-webkit-transition: all 700ms ease;-moz-transition: all 700ms ease;-ms-transition: all 700ms ease;-o-transition: all 700ms ease;transition: all 700ms ease;\"  data-hover_box_shadow=\"none\"     data-bg=\"#ffffff\" ><h3 style=\"text-align: left\" class=\"vc_custom_heading\" >ABOUT ME<\/h3><div class=\"vc_empty_space\"   style=\"height: 20px\"><span class=\"vc_empty_space_inner\"><\/span><\/div>\n\t<div class=\"wpb_text_column wpb_content_element\" >\n\t\t<div class=\"wpb_wrapper\">\n\t\t\t<p>I started my professional career in the area of Human Resources. I worked in large companies such as De La Rue Cash Systems, Enjoyable and Orange (France Telecom). The step by the company allowed me to have a more global vision of the professional world, always with the focus on working with people and their well-being. Which allowed me to also bet a few years later by my vocation: the psychology clinic.<br \/>\nAfter you specialize, and collaborate in different areas of psychology, in 2018 I opened the Space Ana Kovacs, my query in Las Rozas (Madrid).<\/p>\n<p>Since then I attend here face-to-face and online (for Spain and abroad), working with adults, adolescents, couples and families.<\/p>\n<p>To learn more about my training and professional experience, you can see my complete profile <a href=\"https:\/\/www.linkedin.com\/in\/anakovacspsicologa\/\" target=\"_blank\" rel=\"noopener\">here<\/a><\/p>\n\n\t\t<\/div>\n\t<\/div>\n\t\t<\/div><\/div><\/div><\/div><\/div><div class=\"minheightbox-mobile wpb_column vc_column_container vc_col-sm-6 vc_col-has-fill\"><div class=\"vc_column-inner vc_custom_1709382647978\"><div class=\"wpb_wrapper\"><\/div><\/div><\/div><\/div><div class=\"vc_row-full-width vc_clearfix\"><\/div><div data-vc-full-width=\"true\" data-vc-full-width-init=\"false\" data-vc-stretch-content=\"true\" class=\"vc_row wpb_row vc_row-fluid vc_row-no-padding vc_row-o-equal-height vc_row-o-content-middle vc_row-flex\"><div class=\"minheightbox-mobile wpb_column vc_column_container vc_col-sm-6 vc_col-has-fill\"><div class=\"vc_column-inner vc_custom_1709383556801\"><div class=\"wpb_wrapper\"><\/div><\/div><\/div><div class=\"home-padding2 wpb_column vc_column_container vc_col-sm-6\"><div class=\"vc_column-inner\"><div class=\"wpb_wrapper\"><div class=\"ult-content-box-container\" >\t\t<div class=\"ult-content-box\" style=\"background-color:#ffffff;box-shadow: px px px px none;padding-top:100px;padding-right:80px;padding-bottom:100px;padding-left:80px;min-height:500px;-webkit-transition: all 700ms ease;-moz-transition: all 700ms ease;-ms-transition: all 700ms ease;-o-transition: all 700ms ease;transition: all 700ms ease;\"  data-hover_box_shadow=\"none\"     data-bg=\"#ffffff\" ><h3 style=\"text-align: left\" class=\"vc_custom_heading\" >CONSULTATION FACE-TO-FACE AND ONLINE<\/h3><div class=\"vc_empty_space\"   style=\"height: 20px\"><span class=\"vc_empty_space_inner\"><\/span><\/div>\n\t<div class=\"wpb_text_column wpb_content_element\" >\n\t\t<div class=\"wpb_wrapper\">\n\t\t\t<p>Work face-to-face and online (for Spain and abroad) with adolescents, adults, couples and families.<\/p>\n<p>I offer a first interview making contact, for free and without commitment, to get to know us and to start the conversation.<\/p>\n<p>If you are interested in having an interview with me, you can contact me<\/p>\n<ul>\n<li>Email:<a href=\"mailto:hola@anakovacspsicologia.com\"> hola@anakovacspsicologia.com<\/a><\/li>\n<li>By phone: <a href=\"tel:+3465133976\" target=\"_blank\" rel=\"noopener\">651.339.76<\/a>0 (also whatsapp)<\/li>\n<\/ul>\n<p>Or by clicking here:<\/p>\n\n\t\t<\/div>\n\t<\/div>\n<div class=\"vc_custom_1709383231304 ubtn-ctn-center\"><a class=\"ubtn-link ult-adjust-bottom-margin ubtn-center ubtn-normal\" href=\"https:\/\/www.anakovacspsicologia.com\/contacto\/\" title=\"Request a consultation\" ><button type=\"button\" id=\"ubtn-6952\"  class=\"ubtn ult-adjust-bottom-margin ult-responsive ubtn-normal ubtn-fade-bg  none  ubtn-center   tooltip-69f336beeead1\"  data-hover=\"#ffffff\" data-border-color=\"\" data-bg=\"#d3aaa3\" data-hover-bg=\"rgba(211,170,163,0.45)\" data-border-hover=\"\" data-shadow-hover=\"\" data-shadow-click=\"none\" data-shadow=\"\" data-shd-shadow=\"\"  data-ultimate-target='#ubtn-6952'  data-responsive-json-new='{\"font-size\":\"desktop:16px;\",\"line-height\":\"\"}'  style=\"font-weight:bold;border:none;background: #d3aaa3;color: #ffffff;\"><span class=\"ubtn-data ubtn-icon\"><i class=\"none\" style=\"font-size:24px;color:;\"><\/i><\/span><span class=\"ubtn-hover\" style=\"background-color:rgba(211,170,163,0.45)\"><\/span><span class=\"ubtn-data ubtn-text\" >Request a consultation<\/span><\/button><\/a><\/div>\t\t<\/div><\/div><\/div><\/div><\/div><\/div><div class=\"vc_row-full-width vc_clearfix\"><\/div><div data-vc-full-width=\"true\" data-vc-full-width-init=\"false\" data-vc-stretch-content=\"true\" class=\"vc_row wpb_row vc_row-fluid vc_row-no-padding vc_row-o-equal-height vc_row-o-content-middle vc_row-flex\"><div class=\"home-padding2 wpb_column vc_column_container vc_col-sm-6\"><div class=\"vc_column-inner\"><div class=\"wpb_wrapper\"><div class=\"ult-content-box-container\" >\t\t<div class=\"ult-content-box\" style=\"background-color:#ffffff;box-shadow: px px px px none;padding-top:100px;padding-right:80px;padding-bottom:40px;padding-left:80px;min-height:500px;-webkit-transition: all 700ms ease;-moz-transition: all 700ms ease;-ms-transition: all 700ms ease;-o-transition: all 700ms ease;transition: all 700ms ease;\"  data-hover_box_shadow=\"none\"     data-bg=\"#ffffff\" ><h3 style=\"text-align: left\" class=\"vc_custom_heading\" >TAILOR-MADE TRAININGS<\/h3><div class=\"vc_empty_space\"   style=\"height: 20px\"><span class=\"vc_empty_space_inner\"><\/span><\/div>\n\t<div class=\"wpb_text_column wpb_content_element\" >\n\t\t<div class=\"wpb_wrapper\">\n\t\t\t<p>Train, learn and communicate, and another of my great passions.<\/p>\n<p>With more than 10 years working with educational institutions, enterprises and institutions, I have<br \/>\ndeveloped and taught tailor-made trainings on Communication, well-being and Mental Health.<\/p>\n<p>The content of each workshop or training session is always different, adapted in function of the objectives for, and the profile of the attendees.<\/p>\n\n\t\t<\/div>\n\t<\/div>\n\n\t<div class=\"wpb_text_column wpb_content_element  vc_custom_1710176071149\" >\n\t\t<div class=\"wpb_wrapper\">\n\t\t\t<p>I have worked with:<\/p>\n\n\t\t<\/div>\n\t<\/div>\n\t\t<\/div><\/div><\/div><\/div><\/div><div class=\"minheightbox-mobile wpb_column vc_column_container vc_col-sm-6 vc_col-has-fill\"><div class=\"vc_column-inner vc_custom_1709383805734\"><div class=\"wpb_wrapper\"><\/div><\/div><\/div><div class=\"wpb_column vc_column_container vc_col-sm-12\"><div class=\"vc_column-inner\"><div class=\"wpb_wrapper\"><div class=\"vc_empty_space\"   style=\"height: 48px\"><span class=\"vc_empty_space_inner\"><\/span><\/div><div id=\"ult-carousel-291027301369f336bef07ee\" class=\"ult-carousel-wrapper   ult_horizontal\" data-gutter=\"24\" data-rtl=\"false\" ><div class=\"ult-carousel-176612349169f336bef07ab\" >\n\t<div  class=\"wpb_single_image wpb_content_element vc_align_center\">\n\t\t\n\t\t<figure class=\"wpb_wrapper vc_figure\">\n\t\t\t<div class=\"vc_single_image-wrapper   vc_box_border_grey\"><img loading=\"lazy\" decoding=\"async\" class=\"vc_single_image-img\" src=\"https:\/\/www.anakovacspsicologia.com\/wp-content\/uploads\/2024\/03\/logo-copmadrid-119x80.webp\" width=\"119\" height=\"80\" alt=\"Colaboraciones Ana Kovacs y COPMadrid\" title=\"logo-copmadrid\" \/><\/div>\n\t\t<\/figure>\n\t<\/div>\n\n\t<div  class=\"wpb_single_image wpb_content_element vc_align_center\">\n\t\t\n\t\t<figure class=\"wpb_wrapper vc_figure\">\n\t\t\t<div class=\"vc_single_image-wrapper   vc_box_border_grey\"><img loading=\"lazy\" decoding=\"async\" class=\"vc_single_image-img\" src=\"https:\/\/www.anakovacspsicologia.com\/wp-content\/uploads\/2024\/03\/logo-ria-120x80.png\" width=\"120\" height=\"80\" alt=\"Colaboraciones Ana Kovacs y ria\" title=\"logo-ria\" \/><\/div>\n\t\t<\/figure>\n\t<\/div>\n\n\t<div  class=\"wpb_single_image wpb_content_element vc_align_center\">\n\t\t\n\t\t<figure class=\"wpb_wrapper vc_figure\">\n\t\t\t<div class=\"vc_single_image-wrapper   vc_box_border_grey\"><img loading=\"lazy\" decoding=\"async\" class=\"vc_single_image-img\" src=\"https:\/\/www.anakovacspsicologia.com\/wp-content\/uploads\/2024\/03\/logo-lucena-129x80.jpg\" width=\"129\" height=\"80\" alt=\"Colaboraciones Ana Kovacs y Ayuntaminto de Lucena\" title=\"logo-lucena\" \/><\/div>\n\t\t<\/figure>\n\t<\/div>\n\n\t<div  class=\"wpb_single_image wpb_content_element vc_align_center\">\n\t\t\n\t\t<figure class=\"wpb_wrapper vc_figure\">\n\t\t\t<div class=\"vc_single_image-wrapper   vc_box_border_grey\"><img loading=\"lazy\" decoding=\"async\" class=\"vc_single_image-img\" src=\"https:\/\/www.anakovacspsicologia.com\/wp-content\/uploads\/2024\/03\/logo-ice-193x80.png\" width=\"193\" height=\"80\" alt=\"Colaboraciones Ana Kovacs y ICE\" title=\"logo-ice\" \/><\/div>\n\t\t<\/figure>\n\t<\/div>\n\n\t<div  class=\"wpb_single_image wpb_content_element vc_align_center\">\n\t\t\n\t\t<figure class=\"wpb_wrapper vc_figure\">\n\t\t\t<div class=\"vc_single_image-wrapper   vc_box_border_grey\"><img loading=\"lazy\" decoding=\"async\" class=\"vc_single_image-img\" src=\"https:\/\/www.anakovacspsicologia.com\/wp-content\/uploads\/2024\/03\/logo-ministerio-249x80.webp\" width=\"249\" height=\"80\" alt=\"Colaboraciones Ana Kovacs y ministerio de transporte\" title=\"logo-ministry\" \/><\/div>\n\t\t<\/figure>\n\t<\/div>\n\n\t<div  class=\"wpb_single_image wpb_content_element vc_align_center\">\n\t\t\n\t\t<figure class=\"wpb_wrapper vc_figure\">\n\t\t\t<div class=\"vc_single_image-wrapper   vc_box_border_grey\"><img loading=\"lazy\" decoding=\"async\" class=\"vc_single_image-img\" src=\"https:\/\/www.anakovacspsicologia.com\/wp-content\/uploads\/2024\/03\/logo-malas-madres-445x80.webp\" width=\"445\" height=\"80\" alt=\"Colaboraciones Ana Kovacs y Club de malasmadres\" title=\"logo-with-bad-mothers\" \/><\/div>\n\t\t<\/figure>\n\t<\/div>\n\n\t<div  class=\"wpb_single_image wpb_content_element vc_align_center\">\n\t\t\n\t\t<figure class=\"wpb_wrapper vc_figure\">\n\t\t\t<div class=\"vc_single_image-wrapper   vc_box_border_grey\"><img loading=\"lazy\" decoding=\"async\" class=\"vc_single_image-img\" src=\"https:\/\/www.anakovacspsicologia.com\/wp-content\/uploads\/2024\/03\/logo-banco-de-espana-366x80.webp\" width=\"366\" height=\"80\" alt=\"Colaboraciones Ana Kovacs y Banco de Espa\u00f1a\" title=\"logo-bank-of-spain\" \/><\/div>\n\t\t<\/figure>\n\t<\/div>\n\n\t<div  class=\"wpb_single_image wpb_content_element vc_align_center\">\n\t\t\n\t\t<figure class=\"wpb_wrapper vc_figure\">\n\t\t\t<div class=\"vc_single_image-wrapper   vc_box_border_grey\"><img loading=\"lazy\" decoding=\"async\" class=\"vc_single_image-img\" src=\"https:\/\/www.anakovacspsicologia.com\/wp-content\/uploads\/2024\/03\/logo-uax-422x80.webp\" width=\"422\" height=\"80\" alt=\"Colaboraciones Ana Kovacs y UAX\" title=\"logo-uax\" \/><\/div>\n\t\t<\/figure>\n\t<\/div>\n<\/div><\/div>\t\t\t<script type=\"text\/javascript\">\r\n\t\t\t\tjQuery(document).ready(function ($) {\r\n\t\t\t\t\tif( typeof jQuery('.ult-carousel-176612349169f336bef07ab').slick == \"function\"){\r\n\t\t\t\t\t\t$('.ult-carousel-176612349169f336bef07ab').slick({dots: true,autoplay: true,autoplaySpeed: 5000,speed: 400,infinite: true,arrows: true,nextArrow: '<button type=\"button\" role=\"button\" aria-label=\"Next\" style=\"color:#333333; font-size:20px;\" class=\"slick-next default\"><i class=\"ultsl-arrow-right4\"><\/i><\/button>',prevArrow: '<button type=\"button\" role=\"button\" aria-label=\"Previous\" style=\"color:#333333; font-size:20px;\" class=\"slick-prev default\"><i class=\"ultsl-arrow-left4\"><\/i><\/button>',slidesToScroll:6,slidesToShow:6,swipe: true,draggable: true,touchMove: true,pauseOnHover: true,pauseOnFocus: false,responsive: [\r\n\t\t\t\t\t\t\t{\r\n\t\t\t\t\t\t\t  breakpoint: 1026,\r\n\t\t\t\t\t\t\t  settings: {\r\n\t\t\t\t\t\t\t\tslidesToShow: 6,\r\n\t\t\t\t\t\t\t\tslidesToScroll: 6,  \r\n\t\t\t\t\t\t\t  }\r\n\t\t\t\t\t\t\t},\r\n\t\t\t\t\t\t\t{\r\n\t\t\t\t\t\t\t  breakpoint: 1025,\r\n\t\t\t\t\t\t\t  settings: {\r\n\t\t\t\t\t\t\t\tslidesToShow: 3,\r\n\t\t\t\t\t\t\t\tslidesToScroll: 3\r\n\t\t\t\t\t\t\t  }\r\n\t\t\t\t\t\t\t},\r\n\t\t\t\t\t\t\t{\r\n\t\t\t\t\t\t\t  breakpoint: 760,\r\n\t\t\t\t\t\t\t  settings: {\r\n\t\t\t\t\t\t\t\tslidesToShow: 2,\r\n\t\t\t\t\t\t\t\tslidesToScroll: 2\r\n\t\t\t\t\t\t\t  }\r\n\t\t\t\t\t\t\t}\r\n\t\t\t\t\t\t],pauseOnDotsHover: true,customPaging: function(slider, i) {\r\n                   return '<i type=\"button\" style= \"color:#333333;\" class=\"ultsl-record\" data-role=\"none\"><\/i>';\r\n                },});\r\n\t\t\t\t\t}\r\n\t\t\t\t});\r\n\t\t\t<\/script>\r\n\t\t\t<\/div><\/div><\/div><\/div><div class=\"vc_row-full-width vc_clearfix\"><\/div><div class=\"vc_row wpb_row vc_row-fluid vc_custom_1700080943597\"><div class=\"wpb_column vc_column_container vc_col-sm-12\"><div class=\"vc_column-inner\"><div class=\"wpb_wrapper\"><h3 style=\"color: #ffffff;line-height: 1em;text-align: center\" class=\"vc_custom_heading\" >Request a first interview<\/h3><h4 style=\"color: #ffffff;line-height: 1em;text-align: center\" class=\"vc_custom_heading\" >First free interview<\/h4><div class=\"vc_custom_1700401435812 ubtn-ctn-center\"><a class=\"ubtn-link ult-adjust-bottom-margin ubtn-center ubtn-normal\" href=\"https:\/\/www.anakovacspsicologia.com\/contacto\/\" title=\"Contact\" ><button type=\"button\" id=\"ubtn-9097\"  class=\"ubtn ult-adjust-bottom-margin ult-responsive ubtn-normal ubtn-fade-bg  none  ubtn-center   tooltip-69f336bf49ddc\"  data-hover=\"#ffffff\" data-border-color=\"\" data-bg=\"#d3aaa3\" data-hover-bg=\"rgba(211,170,163,0.45)\" data-border-hover=\"\" data-shadow-hover=\"\" data-shadow-click=\"none\" data-shadow=\"\" data-shd-shadow=\"\"  data-ultimate-target='#ubtn-9097'  data-responsive-json-new='{\"font-size\":\"desktop:16px;\",\"line-height\":\"\"}'  style=\"font-weight:bold;border:none;background: #d3aaa3;color: #ffffff;\"><span class=\"ubtn-hover\" style=\"background-color:rgba(211,170,163,0.45)\"><\/span><span class=\"ubtn-data ubtn-text\" >Make an appointment<\/span><\/button><\/a><\/div><\/div><\/div><\/div><\/div><!-- Row Backgrounds --><div class=\"upb_bg_img\" data-ultimate-bg=\"url(https:\/\/www.anakovacspsicologia.com\/wp-content\/uploads\/2023\/08\/Psicologia-Terapias-Madrid-Ana-Kovacs-4.webp)\" data-image-id=\"id^1359|url^https:\/\/www.anakovacspsicologia.com\/wp-content\/uploads\/2023\/08\/Psicologia-Terapias-Madrid-Ana-Kovacs-4.webp|caption^null|alt^null|title^Psicolog\u00eda Terapias Madrid Ana Kovacs (4)|description^null\" data-ultimate-bg-style=\"vcpb-default\" data-bg-img-repeat=\"no-repeat\" data-bg-img-size=\"cover\" data-bg-img-position=\"\" data-parallx_sense=\"30\" data-bg-override=\"ex-full\" data-bg_img_attach=\"scroll\" data-upb-overlay-color=\"rgba(0,0,0,0.85)\" data-upb-bg-animation=\"\" data-fadeout=\"\" data-bg-animation=\"left-animation\" data-bg-animation-type=\"h\" data-animation-repeat=\"repeat\" data-fadeout-percentage=\"30\" data-parallax-content=\"\" data-parallax-content-sense=\"30\" data-row-effect-mobile-disable=\"true\" data-img-parallax-mobile-disable=\"true\" data-rtl=\"false\"  data-custom-vc-row=\"\"  data-vc=\"6.10.1\"  data-is_old_vc=\"\"  data-theme-support=\"\"   data-overlay=\"true\" data-overlay-color=\"rgba(0,0,0,0.85)\" data-overlay-pattern=\"\" data-overlay-pattern-opacity=\"0.8\" data-overlay-pattern-size=\"\" data-overlay-pattern-attachment=\"scroll\"    ><\/div><div class=\"vc_row wpb_row vc_row-fluid vc_custom_1702473014767\"><div class=\"wpb_column vc_column_container vc_col-sm-12\"><div class=\"vc_column-inner\"><div class=\"wpb_wrapper\"><div class=\"vc_custom_1701610247910 ubtn-ctn-center button-podcast\"><a class=\"ubtn-link ult-adjust-bottom-margin ubtn-center ubtn-normal button-podcast\" href=\"https:\/\/www.ivoox.com\/en\/escuchar-audios-ana-kovacs_al_31421879_1.html\" title=\"Listen to my Podcast\" target=\"_blank\" rel=\"noopener\" ><button type=\"button\" id=\"ubtn-5092\"  class=\"ubtn ult-adjust-bottom-margin ult-responsive ubtn-normal ubtn-fade-bg  none  ubtn-sep-icon ubtn-sep-icon-at-left  ubtn-center   tooltip-69f336bf4b523\"  data-hover=\"#ffffff\" data-border-color=\"\" data-bg=\"#d3aaa3\" data-hover-bg=\"rgba(211,170,163,0.45)\" data-border-hover=\"\" data-shadow-hover=\"\" data-shadow-click=\"none\" data-shadow=\"\" data-shd-shadow=\"\"  data-ultimate-target='#ubtn-5092'  data-responsive-json-new='{\"font-size\":\"desktop:16px;\",\"line-height\":\"\"}'  style=\"font-weight:bold;border:none;background: #d3aaa3;color: #ffffff;\"><span class=\"ubtn-data ubtn-icon\"><i class=\"Defaults-play\" style=\"font-size:24px;color:;\"><\/i><\/span><span class=\"ubtn-hover\" style=\"background-color:rgba(211,170,163,0.45)\"><\/span><span class=\"ubtn-data ubtn-text\" >Listen to my Podcast<\/span><\/button><\/a><\/div><\/div><\/div><\/div><\/div><!-- Row Backgrounds --><div class=\"upb_color\" data-bg-override=\"ex-full\" data-bg-color=\"#f3f1f1\" data-fadeout=\"\" data-fadeout-percentage=\"30\" data-parallax-content=\"\" data-parallax-content-sense=\"30\" data-row-effect-mobile-disable=\"true\" data-img-parallax-mobile-disable=\"true\" data-rtl=\"false\"  data-custom-vc-row=\"\"  data-vc=\"6.10.1\"  data-is_old_vc=\"\"  data-theme-support=\"\"   data-overlay=\"false\" data-overlay-color=\"\" data-overlay-pattern=\"\" data-overlay-pattern-opacity=\"\" data-overlay-pattern-size=\"\"    ><\/div>","protected":false},"excerpt":{"rendered":"SOBRE M\u00cd Comenc\u00e9 mi trayectoria profesional en el \u00e1rea de Recursos Humanos. Trabaj\u00e9 en grandes empresas como De La Rue Cash Systems, Amena y Orange (France Telecom). El paso por la empresa me permiti\u00f3 tener una visi\u00f3n m\u00e1s global del mundo profesional, teniendo siempre el foco en el trabajo con las personas y su bienestar. [...]","protected":false},"author":1,"featured_media":0,"parent":0,"menu_order":0,"comment_status":"closed","ping_status":"closed","template":"page.php","meta":{"footnotes":""},"class_list":["post-404","page","type-page","status-publish","hentry"],"_links":{"self":[{"href":"https:\/\/www.anakovacspsicologia.com\/en\/wp-json\/wp\/v2\/pages\/404","targetHints":{"allow":["GET"]}}],"collection":[{"href":"https:\/\/www.anakovacspsicologia.com\/en\/wp-json\/wp\/v2\/pages"}],"about":[{"href":"https:\/\/www.anakovacspsicologia.com\/en\/wp-json\/wp\/v2\/types\/page"}],"author":[{"embeddable":true,"href":"https:\/\/www.anakovacspsicologia.com\/en\/wp-json\/wp\/v2\/users\/1"}],"replies":[{"embeddable":true,"href":"https:\/\/www.anakovacspsicologia.com\/en\/wp-json\/wp\/v2\/comments?post=404"}],"version-history":[{"count":76,"href":"https:\/\/www.anakovacspsicologia.com\/en\/wp-json\/wp\/v2\/pages\/404\/revisions"}],"predecessor-version":[{"id":1883,"href":"https:\/\/www.anakovacspsicologia.com\/en\/wp-json\/wp\/v2\/pages\/404\/revisions\/1883"}],"wp:attachment":[{"href":"https:\/\/www.anakovacspsicologia.com\/en\/wp-json\/wp\/v2\/media?parent=404"}],"curies":[{"name":"wp","href":"https:\/\/api.w.org\/{rel}","templated":true}]}}