{"id":261,"date":"2020-06-30T16:15:49","date_gmt":"2020-06-30T16:15:49","guid":{"rendered":"http:\/\/demos.upperthemes.com\/alma\/site1\/?page_id=261"},"modified":"2024-08-02T18:59:00","modified_gmt":"2024-08-02T16:59:00","slug":"home-2","status":"publish","type":"page","link":"https:\/\/www.anakovacspsicologia.com\/en\/","title":{"rendered":"Home"},"content":{"rendered":"<div class=\"vc_row wpb_row vc_row-fluid vc_custom_1715252529088\"><div class=\"wpb_column vc_column_container vc_col-sm-6\"><div class=\"vc_column-inner\"><div class=\"wpb_wrapper\"><div class=\"ult-animation  ult-animate-viewport  ult-no-mobile\" data-animate=\"fadeInUp\" data-animation-delay=\"0.3\" data-animation-duration=\"1\" data-animation-iteration=\"1\" style=\"opacity:0;\" data-opacity_start_effect=\"\"><div class=\"vc_row wpb_row vc_inner vc_row-fluid\"><div class=\"wpb_column vc_column_container vc_col-sm-10\"><div class=\"vc_column-inner\"><div class=\"wpb_wrapper\"><h2 style=\"text-align: left\" class=\"vc_custom_heading\" >Ana Kovacs<\/h2>\n\t<div class=\"wpb_text_column wpb_content_element\" >\n\t\t<div class=\"wpb_wrapper\">\n\t\t\t<p><span style=\"font-weight: 400;\">Since I was little I have liked to observe.\u00a0<\/span><span style=\"font-weight: 400;\">When I traveled by train I looked around me and played to imagine who they were, where they were going and what was happening to them.<\/span><\/p>\n<p><span style=\"font-weight: 400;\">Nowadays, from the consultation, I work with those who wonder who they are, what is happening to them and where they are going.<\/span><\/p>\n<p>With more than fifteen years of clinical experience, all these years I have combined clinical care with training, another of my great passions.<\/p>\n\n\t\t<\/div>\n\t<\/div>\n<div class=\"vc_empty_space\"   style=\"height: 10px\"><span class=\"vc_empty_space_inner\"><\/span><\/div><div class=\"vc_btn3-container  wpb_animate_when_almost_visible wpb_bottom-to-top bottom-to-top vc_btn3-inline\" ><a onmouseleave=\"this.style.borderColor=''; this.style.backgroundColor='transparent'; this.style.color=''\" onmouseenter=\"this.style.color='#f2f2f2';\" class=\"vc_general vc_btn3 vc_btn3-size-xs vc_btn3-shape-square vc_btn3-style-outline-custom\" href=\"https:\/\/www.anakovacspsicologia.com\/ana-kovacs\/\" title=\"\">LEARN MORE ABOUT ME<\/a><\/div><\/div><\/div><\/div><div class=\"wpb_column vc_column_container vc_col-sm-2\"><div class=\"vc_column-inner\"><div class=\"wpb_wrapper\"><\/div><\/div><\/div><\/div><\/div><\/div><\/div><\/div><div class=\"wpb_column vc_column_container vc_col-sm-6\"><div class=\"vc_column-inner\"><div class=\"wpb_wrapper\">\n\t<div  class=\"wpb_single_image wpb_content_element vc_align_center  vc_custom_1720609885926\">\n\t\t\n\t\t<figure class=\"wpb_wrapper vc_figure\">\n\t\t\t<div class=\"vc_single_image-wrapper   vc_box_border_grey\"><img loading=\"lazy\" decoding=\"async\" class=\"vc_single_image-img\" src=\"https:\/\/www.anakovacspsicologia.com\/wp-content\/uploads\/2024\/07\/foto-perfil-cuadrada-scaled-500x500.jpg\" width=\"500\" height=\"500\" alt=\"Ana Kovacs Psicolog\u00eda Madrid\" title=\"foto perfil cuadrada\" \/><\/div>\n\t\t<\/figure>\n\t<\/div>\n<\/div><\/div><\/div><\/div><!-- Row Backgrounds --><div class=\"vc_row wpb_row vc_row-fluid vc_custom_1529603735610\"><div class=\"wpb_column vc_column_container vc_col-sm-4\"><div class=\"vc_column-inner\"><div class=\"wpb_wrapper\"><div class=\"ult-animation  ult-animate-viewport  ult-no-mobile\" data-animate=\"fadeInUp\" data-animation-delay=\"0\" data-animation-duration=\"1\" data-animation-iteration=\"1\" style=\"opacity:0;\" data-opacity_start_effect=\"\">\n\t<div  class=\"wpb_single_image wpb_content_element vc_align_left\">\n\t\t\n\t\t<figure class=\"wpb_wrapper vc_figure\">\n\t\t\t<div class=\"vc_single_image-wrapper   vc_box_border_grey\"><img loading=\"lazy\" decoding=\"async\" class=\"vc_single_image-img\" src=\"https:\/\/www.anakovacspsicologia.com\/wp-content\/uploads\/2023\/09\/Ana-Kovacs_Psicologia-en-Madrid-4-600x550.webp\" width=\"600\" height=\"550\" alt=\"Ana Kovacs_Psicolog\u00eda en Madrid (4)\" title=\"Ana Kovacs_Psicolog\u00eda en Madrid (4)\" \/><\/div>\n\t\t<\/figure>\n\t<\/div>\n<\/div><\/div><\/div><\/div><div class=\"wpb_column vc_column_container vc_col-sm-4\"><div class=\"vc_column-inner\"><div class=\"wpb_wrapper\"><div class=\"ult-spacer spacer-69f5f38d089d3\" data-id=\"69f5f38d089d3\" data-height=\"\" data-height-mobile=\"40\" data-height-tab=\"\" data-height-tab-portrait=\"\" data-height-mobile-landscape=\"40\" style=\"clear:both;display:block;\"><\/div><div class=\"ult-animation  ult-animate-viewport  ult-no-mobile\" data-animate=\"fadeInUp\" data-animation-delay=\"0.3\" data-animation-duration=\"1\" data-animation-iteration=\"1\" style=\"opacity:0;\" data-opacity_start_effect=\"\"><h5 style=\"text-align: left\" class=\"vc_custom_heading\" >THE CONSULTATION<\/h5>\n\t<div class=\"wpb_text_column wpb_content_element\" >\n\t\t<div class=\"wpb_wrapper\">\n\t\t\t<p><span style=\"font-weight: 400;\">Siempre imagin\u00e9 mi consulta como un sal\u00f3n de casa: donde sentirse acogido, seguro y lo suficientemente c\u00f3modo para pensar y ser escuchado.\u00a0<\/span><\/p>\n<p><span style=\"font-weight: 400;\">Tomar la decisi\u00f3n de consultar por primera vez no es f\u00e1cil: requiere de valent\u00eda y honestidad, para preguntarse y querer saber.<\/span><\/p>\n<p>Por esto ofrezco una primera entrevista sin coste ni compromiso. Una primera toma de contacto para que podamos conocernos primero, conversar y, quiz\u00e1s, continuar.<\/p>\n\n\t\t<\/div>\n\t<\/div>\n<div class=\"vc_empty_space\"   style=\"height: 20px\"><span class=\"vc_empty_space_inner\"><\/span><\/div><\/div><\/div><\/div><\/div><div class=\"wpb_column vc_column_container vc_col-sm-4\"><div class=\"vc_column-inner\"><div class=\"wpb_wrapper\"><div class=\"ult-spacer spacer-69f5f38d0932d\" data-id=\"69f5f38d0932d\" data-height=\"\" data-height-mobile=\"40\" data-height-tab=\"\" data-height-tab-portrait=\"\" data-height-mobile-landscape=\"40\" style=\"clear:both;display:block;\"><\/div><div class=\"ult-animation  ult-animate-viewport  ult-no-mobile\" data-animate=\"fadeInUp\" data-animation-delay=\"0.6\" data-animation-duration=\"1\" data-animation-iteration=\"1\" style=\"opacity:0;\" data-opacity_start_effect=\"\"><h5 style=\"text-align: left\" class=\"vc_custom_heading\" >MY PERSPECTIVE<\/h5>\n\t<div class=\"wpb_text_column wpb_content_element\" >\n\t\t<div class=\"wpb_wrapper\">\n\t\t\t<p><span style=\"font-weight: 400;\">Mi manera de entender el trabajo es escuchando a cada individuo en su particularidad, teniendo en cuenta su historia pero sobre todo su contexto y necesidades actuales.\u00a0<\/span><\/p>\n<p><span style=\"font-weight: 400;\">No siempre se trata de un trastorno, una enfermedad o <em>s\u00edndrome<\/em>. Quienes vienen a la consulta desean aliviar el sufrimiento, mejorar las relaciones con los dem\u00e1s y consigo mismos.<\/span><\/p>\n\n\t\t<\/div>\n\t<\/div>\n<\/div><\/div><\/div><\/div><\/div><div data-vc-full-width=\"true\" data-vc-full-width-init=\"false\" data-vc-stretch-content=\"true\" class=\"vc_row wpb_row vc_row-fluid vc_row-no-padding\"><div class=\"wpb_column vc_column_container vc_col-sm-12\"><div class=\"vc_column-inner\"><div class=\"wpb_wrapper\"><\/div><\/div><\/div><\/div><div class=\"vc_row-full-width vc_clearfix\"><\/div><div class=\"vc_row wpb_row vc_row-fluid vc_custom_1693484370776\"><div class=\"wpb_column vc_column_container vc_col-sm-12\"><div class=\"vc_column-inner\"><div class=\"wpb_wrapper\"><div class=\"vc_row wpb_row vc_inner vc_row-fluid\"><div class=\"wpb_column vc_column_container vc_col-sm-4\"><div class=\"vc_column-inner\"><div class=\"wpb_wrapper\"><div class=\"vc_empty_space\"   style=\"height: 20px\"><span class=\"vc_empty_space_inner\"><\/span><\/div><div class=\"ult-new-ib ult-ib-effect-style13  ult-ib-resp\" data-min-width=\"768\" data-max-width=\"900\" style=\"background:#000000;\" data-opacity=\"0.9\" data-hover-opacity=\"0.8\" ><img decoding=\"async\" class=\"ult-new-ib-img\" style=\"opacity:0.9;\" alt=\"Terapia para adultos y psicolog\u00eda en Madrid\" src=\"https:\/\/www.anakovacspsicologia.com\/wp-content\/uploads\/2023\/09\/MMP_2307_AK_07.webp\"   \/><div id=\"interactive-banner-wrap-9907\" class=\"ult-new-ib-desc\" style=\"\"><h2 class=\"ult-new-ib-title ult-responsive\"  data-ultimate-target='#interactive-banner-wrap-9907 .ult-new-ib-title'  data-responsive-json-new='{\"font-size\":\"desktop:24px;\",\"line-height\":\"\"}'  style=\"font-weight:normal;\">La Consulta<\/h2><\/div><a class=\"ult-new-ib-link\" href=\"https:\/\/www.anakovacspsicologia.com\/consultas\/\" title=\"Services\"  ><\/a><\/div><div class=\"vc_empty_space\"   style=\"height: 20px\"><span class=\"vc_empty_space_inner\"><\/span><\/div><\/div><\/div><\/div><div class=\"wpb_column vc_column_container vc_col-sm-4\"><div class=\"vc_column-inner\"><div class=\"wpb_wrapper\"><div class=\"vc_empty_space\"   style=\"height: 20px\"><span class=\"vc_empty_space_inner\"><\/span><\/div><div class=\"ult-new-ib ult-ib-effect-style13  ult-ib-resp\" data-min-width=\"768\" data-max-width=\"900\" style=\"background:#000000;\" data-opacity=\"0.9\" data-hover-opacity=\"0.8\" ><img decoding=\"async\" class=\"ult-new-ib-img\" style=\"opacity:0.9;\" alt=\"Ana Kovacs Psicologi\u0301a Online Madrid Presencial \" src=\"https:\/\/www.anakovacspsicologia.com\/wp-content\/uploads\/2023\/11\/Ana-Kovacs-Psicologia-Online-Madrid-Presencial-16.webp\"   \/><div id=\"interactive-banner-wrap-7781\" class=\"ult-new-ib-desc\" style=\"\"><h2 class=\"ult-new-ib-title ult-responsive\"  data-ultimate-target='#interactive-banner-wrap-7781 .ult-new-ib-title'  data-responsive-json-new='{\"font-size\":\"desktop:24px;\",\"line-height\":\"\"}'  style=\"font-weight:normal;\">Online<\/h2><\/div><a class=\"ult-new-ib-link\" href=\"https:\/\/www.anakovacspsicologia.com\/consultas\/consultas-online\/\" title=\"Online Consultations\"  ><\/a><\/div><div class=\"vc_empty_space\"   style=\"height: 20px\"><span class=\"vc_empty_space_inner\"><\/span><\/div><\/div><\/div><\/div><div class=\"wpb_column vc_column_container vc_col-sm-4\"><div class=\"vc_column-inner\"><div class=\"wpb_wrapper\"><div class=\"vc_empty_space\"   style=\"height: 20px\"><span class=\"vc_empty_space_inner\"><\/span><\/div><div class=\"ult-new-ib ult-ib-effect-style13  ult-ib-resp\" data-min-width=\"768\" data-max-width=\"900\" style=\"background:#000000;\" data-opacity=\"0.9\" data-hover-opacity=\"0.8\" ><img decoding=\"async\" class=\"ult-new-ib-img\" style=\"opacity:0.9;\" alt=\"Podcast Ana Kovacs\" src=\"https:\/\/www.anakovacspsicologia.com\/wp-content\/uploads\/2024\/03\/MMP_2307_AK_05.webp\"   \/><div id=\"interactive-banner-wrap-8025\" class=\"ult-new-ib-desc\" style=\"\"><h2 class=\"ult-new-ib-title ult-responsive\"  data-ultimate-target='#interactive-banner-wrap-8025 .ult-new-ib-title'  data-responsive-json-new='{\"font-size\":\"desktop:24px;\",\"line-height\":\"\"}'  style=\"font-weight:normal;\">Podcast<\/h2><\/div><a class=\"ult-new-ib-link\" href=\"https:\/\/www.anakovacspsicologia.com\/podcast\/\" title=\"Podcast\"  ><\/a><\/div><div class=\"vc_empty_space\"   style=\"height: 20px\"><span class=\"vc_empty_space_inner\"><\/span><\/div><\/div><\/div><\/div><\/div><div class=\"ult-new-ib ult-ib-effect-style1  ult-ib-resp\" data-min-width=\"768\" data-max-width=\"900\" style=\"\" data-opacity=\"1\" data-hover-opacity=\"1\" ><div id=\"interactive-banner-wrap-2751\" class=\"ult-new-ib-desc\" style=\"\"><h2 class=\"ult-new-ib-title ult-responsive\"  data-ultimate-target='#interactive-banner-wrap-2751 .ult-new-ib-title'  data-responsive-json-new='{\"font-size\":\"\",\"line-height\":\"\"}'  style=\"font-weight:normal;\">Experiencia<\/h2><\/div><\/div><\/div><\/div><\/div><\/div><!-- Row Backgrounds --><div class=\"upb_bg_img\" data-ultimate-bg=\"url(https:\/\/www.anakovacspsicologia.com\/wp-content\/uploads\/2023\/08\/Psicologia-Terapias-Madrid-Ana-Kovacs-2.webp)\" data-image-id=\"id^1357|url^https:\/\/www.anakovacspsicologia.com\/wp-content\/uploads\/2023\/08\/Psicologia-Terapias-Madrid-Ana-Kovacs-2.webp|caption^null|alt^null|title^Psicolog\u00eda Terapias Madrid Ana Kovacs (2)|description^null\" data-ultimate-bg-style=\"vcpb-default\" data-bg-img-repeat=\"no-repeat\" data-bg-img-size=\"cover\" data-bg-img-position=\"\" data-parallx_sense=\"30\" data-bg-override=\"full\" data-bg_img_attach=\"scroll\" data-upb-overlay-color=\"rgba(20,20,20,0.8)\" data-upb-bg-animation=\"\" data-fadeout=\"\" data-bg-animation=\"left-animation\" data-bg-animation-type=\"h\" data-animation-repeat=\"repeat\" data-fadeout-percentage=\"30\" data-parallax-content=\"\" data-parallax-content-sense=\"30\" data-row-effect-mobile-disable=\"true\" data-img-parallax-mobile-disable=\"true\" data-rtl=\"false\"  data-custom-vc-row=\"\"  data-vc=\"6.10.1\"  data-is_old_vc=\"\"  data-theme-support=\"\"   data-overlay=\"true\" data-overlay-color=\"rgba(20,20,20,0.8)\" data-overlay-pattern=\"\" data-overlay-pattern-opacity=\"0.8\" data-overlay-pattern-size=\"\" data-overlay-pattern-attachment=\"scroll\"    ><\/div><div class=\"vc_row wpb_row vc_row-fluid vc_custom_1590077576595\"><div class=\"wide-box-mobile wpb_column vc_column_container vc_col-sm-4\"><div class=\"vc_column-inner vc_custom_1590077596748\"><div class=\"wpb_wrapper\"><div class=\"ult-animation  ult-animate-viewport  ult-no-mobile\" data-animate=\"fadeInUp\" data-animation-delay=\"0\" data-animation-duration=\"1\" data-animation-iteration=\"1\" style=\"opacity:0;\" data-opacity_start_effect=\"\"><div class=\"ult-spacer spacer-69f5f38d0e13d\" data-id=\"69f5f38d0e13d\" data-height=\"\" data-height-mobile=\"20\" data-height-tab=\"\" data-height-tab-portrait=\"\" data-height-mobile-landscape=\"20\" style=\"clear:both;display:block;\"><\/div><div class=\"aio-icon-component    style_1\"><div id=\"Info-box-wrap-9648\" class=\"aio-icon-box left-icon\" style=\"\"  ><div class=\"aio-icon-left\"><div class=\"ult-just-icon-wrapper\"><div class=\"align-icon\" style=\"text-align:center;\">\n<div class=\"aio-icon none\"  style=\"font-size:40px;display:inline-block;\">\n\t<i class=\"Defaults-check\"><\/i>\n<\/div><\/div><\/div><\/div><div class=\"aio-ibd-block\"><div class=\"aio-icon-header\" ><h3 class=\"aio-icon-title ult-responsive\"  data-ultimate-target='#Info-box-wrap-9648 .aio-icon-title'  data-responsive-json-new='{\"font-size\":\"desktop:14px;\",\"line-height\":\"\"}'  style=\"font-family:&#039;Dosis&#039;;font-weight:700;\">Adults<\/h3><\/div> <!-- header --><div class=\"aio-icon-description ult-responsive\"  data-ultimate-target='#Info-box-wrap-9648 .aio-icon-description'  data-responsive-json-new='{\"font-size\":\"\",\"line-height\":\"\"}'  style=\"\">Para lograr un cambio, para descubrir qu\u00e9 es realmente lo que<br \/>\nhappening. To feel better with others and with yourself.<\/div> <!-- description --><\/div> <!-- aio-ibd-block --><\/div> <!-- aio-icon-box --><\/div> <!-- aio-icon-component --><div class=\"aio-icon-component    style_1\"><div id=\"Info-box-wrap-9887\" class=\"aio-icon-box left-icon\" style=\"\"  ><div class=\"aio-icon-left\"><div class=\"ult-just-icon-wrapper\"><div class=\"align-icon\" style=\"text-align:center;\">\n<div class=\"aio-icon none\"  style=\"font-size:40px;display:inline-block;\">\n\t<i class=\"Defaults-check\"><\/i>\n<\/div><\/div><\/div><\/div><div class=\"aio-ibd-block\"><div class=\"aio-icon-header\" ><h3 class=\"aio-icon-title ult-responsive\"  data-ultimate-target='#Info-box-wrap-9887 .aio-icon-title'  data-responsive-json-new='{\"font-size\":\"desktop:14px;\",\"line-height\":\"\"}'  style=\"font-family:&#039;Dosis&#039;;font-weight:700;\">Couples<\/h3><\/div> <!-- header --><div class=\"aio-icon-description ult-responsive\"  data-ultimate-target='#Info-box-wrap-9887 .aio-icon-description'  data-responsive-json-new='{\"font-size\":\"\",\"line-height\":\"\"}'  style=\"\">Sesiones en pareja que buscan dialogar, resolver un conflicto, desbloquear situaciones\u2026 que buscan puntos de encuentro o puntos y aparte.<\/div> <!-- description --><\/div> <!-- aio-ibd-block --><\/div> <!-- aio-icon-box --><\/div> <!-- aio-icon-component --><\/div><\/div><\/div><\/div><div class=\"wide-box-mobile wpb_column vc_column_container vc_col-sm-4\"><div class=\"vc_column-inner\"><div class=\"wpb_wrapper\"><div class=\"ult-animation  ult-animate-viewport  ult-no-mobile\" data-animate=\"fadeInUp\" data-animation-delay=\"0.2\" data-animation-duration=\"1\" data-animation-iteration=\"1\" style=\"opacity:0;\" data-opacity_start_effect=\"\"><div class=\"ult-spacer spacer-69f5f38d0e5c4\" data-id=\"69f5f38d0e5c4\" data-height=\"\" data-height-mobile=\"20\" data-height-tab=\"\" data-height-tab-portrait=\"\" data-height-mobile-landscape=\"20\" style=\"clear:both;display:block;\"><\/div><div class=\"aio-icon-component    style_1\"><div id=\"Info-box-wrap-2026\" class=\"aio-icon-box left-icon\" style=\"\"  ><div class=\"aio-icon-left\"><div class=\"ult-just-icon-wrapper\"><div class=\"align-icon\" style=\"text-align:center;\">\n<div class=\"aio-icon none\"  style=\"font-size:40px;display:inline-block;\">\n\t<i class=\"Defaults-check\"><\/i>\n<\/div><\/div><\/div><\/div><div class=\"aio-ibd-block\"><div class=\"aio-icon-header\" ><h3 class=\"aio-icon-title ult-responsive\"  data-ultimate-target='#Info-box-wrap-2026 .aio-icon-title'  data-responsive-json-new='{\"font-size\":\"desktop:14px;\",\"line-height\":\"\"}'  style=\"font-family:&#039;Dosis&#039;;font-weight:700;\">Teens<\/h3><\/div> <!-- header --><div class=\"aio-icon-description ult-responsive\"  data-ultimate-target='#Info-box-wrap-2026 .aio-icon-description'  data-responsive-json-new='{\"font-size\":\"\",\"line-height\":\"\"}'  style=\"\">Apoyo e intervenci\u00f3n para los m\u00e1s j\u00f3venes. Cambios, dudas, conflictos&#8230; Este\u00a0 trabajo se realiza de manera individual y siempre de la mano de la familia.<\/div> <!-- description --><\/div> <!-- aio-ibd-block --><\/div> <!-- aio-icon-box --><\/div> <!-- aio-icon-component --><div class=\"aio-icon-component    style_1\"><div id=\"Info-box-wrap-8068\" class=\"aio-icon-box left-icon\" style=\"\"  ><div class=\"aio-icon-left\"><div class=\"ult-just-icon-wrapper\"><div class=\"align-icon\" style=\"text-align:center;\">\n<div class=\"aio-icon none\"  style=\"font-size:40px;display:inline-block;\">\n\t<i class=\"Defaults-check\"><\/i>\n<\/div><\/div><\/div><\/div><div class=\"aio-ibd-block\"><div class=\"aio-icon-header\" ><h3 class=\"aio-icon-title ult-responsive\"  data-ultimate-target='#Info-box-wrap-8068 .aio-icon-title'  data-responsive-json-new='{\"font-size\":\"desktop:14px;\",\"line-height\":\"\"}'  style=\"font-family:&#039;Dosis&#039;;font-weight:700;\">Perinatal psychology<\/h3><\/div> <!-- header --><div class=\"aio-icon-description ult-responsive\"  data-ultimate-target='#Info-box-wrap-8068 .aio-icon-description'  data-responsive-json-new='{\"font-size\":\"\",\"line-height\":\"\"}'  style=\"\">Support, accompaniment and intervention during the search for pregnancy,<br \/>\nprocesos de fertilidad, duelo, embarazo, parto y posparto. Dirigido a madres y padres.<\/div> <!-- description --><\/div> <!-- aio-ibd-block --><\/div> <!-- aio-icon-box --><\/div> <!-- aio-icon-component --><\/div><\/div><\/div><\/div><div class=\"wide-box-mobile wpb_column vc_column_container vc_col-sm-4\"><div class=\"vc_column-inner\"><div class=\"wpb_wrapper\"><div class=\"ult-animation  ult-animate-viewport  ult-no-mobile\" data-animate=\"fadeInUp\" data-animation-delay=\"0.4\" data-animation-duration=\"1\" data-animation-iteration=\"1\" style=\"opacity:0;\" data-opacity_start_effect=\"\"><div class=\"ult-spacer spacer-69f5f38d0ea22\" data-id=\"69f5f38d0ea22\" data-height=\"\" data-height-mobile=\"20\" data-height-tab=\"\" data-height-tab-portrait=\"\" data-height-mobile-landscape=\"20\" style=\"clear:both;display:block;\"><\/div><div class=\"aio-icon-component    style_1\"><div id=\"Info-box-wrap-3415\" class=\"aio-icon-box left-icon\" style=\"\"  ><div class=\"aio-icon-left\"><div class=\"ult-just-icon-wrapper\"><div class=\"align-icon\" style=\"text-align:center;\">\n<div class=\"aio-icon none\"  style=\"font-size:42px;display:inline-block;\">\n\t<i class=\"Defaults-check\"><\/i>\n<\/div><\/div><\/div><\/div><div class=\"aio-ibd-block\"><div class=\"aio-icon-header\" ><h3 class=\"aio-icon-title ult-responsive\"  data-ultimate-target='#Info-box-wrap-3415 .aio-icon-title'  data-responsive-json-new='{\"font-size\":\"desktop:14px;\",\"line-height\":\"\"}'  style=\"font-family:&#039;Dosis&#039;;font-weight:700;\">Asesoramiento para Familias<\/h3><\/div> <!-- header --><div class=\"aio-icon-description ult-responsive\"  data-ultimate-target='#Info-box-wrap-3415 .aio-icon-description'  data-responsive-json-new='{\"font-size\":\"\",\"line-height\":\"\"}'  style=\"\">Dudas y preguntas: rabietas, l\u00edmites, conflictos en casa, relaciones<br \/>\nentre madres\/padres e hijos, cambios y adaptaci\u00f3n, la llegada de hermanos \u2026 Primera infancia, adolescencia y\u2026 en adelante.<\/div> <!-- description --><\/div> <!-- aio-ibd-block --><\/div> <!-- aio-icon-box --><\/div> <!-- aio-icon-component --><div class=\"aio-icon-component    style_1\"><div id=\"Info-box-wrap-2063\" class=\"aio-icon-box left-icon\" style=\"\"  ><div class=\"aio-icon-left\"><div class=\"ult-just-icon-wrapper\"><div class=\"align-icon\" style=\"text-align:center;\">\n<div class=\"aio-icon none\"  style=\"font-size:42px;display:inline-block;\">\n\t<i class=\"Defaults-check\"><\/i>\n<\/div><\/div><\/div><\/div><div class=\"aio-ibd-block\"><div class=\"aio-icon-header\" ><h3 class=\"aio-icon-title ult-responsive\"  data-ultimate-target='#Info-box-wrap-2063 .aio-icon-title'  data-responsive-json-new='{\"font-size\":\"desktop:14px;\",\"line-height\":\"\"}'  style=\"font-family:&#039;Dosis&#039;;font-weight:700;\">Consultas online<\/h3><\/div> <!-- header --><div class=\"aio-icon-description ult-responsive\"  data-ultimate-target='#Info-box-wrap-2063 .aio-icon-description'  data-responsive-json-new='{\"font-size\":\"\",\"line-height\":\"\"}'  style=\"\">Bring the consultation closer for greater ease if you cannot attend in person.<\/div> <!-- description --><\/div> <!-- aio-ibd-block --><\/div> <!-- aio-icon-box --><\/div> <!-- aio-icon-component --><\/div><\/div><\/div><\/div><\/div>","protected":false},"excerpt":{"rendered":"Ana Kovacs Desde que era peque\u00f1a me ha gustado observar.\u00a0Cuando viajaba en tren miraba a mi alrededor y jugaba a imaginar qui\u00e9nes eran, a d\u00f3nde iban y qu\u00e9 les ocurr\u00eda. Hoy en d\u00eda, desde la consulta, trabajo con quienes se preguntan qui\u00e9nes son, qu\u00e9 les ocurre y a d\u00f3nde van. Con m\u00e1s de quince a\u00f1os [...]","protected":false},"author":1,"featured_media":0,"parent":0,"menu_order":0,"comment_status":"closed","ping_status":"closed","template":"page.php","meta":{"footnotes":""},"class_list":["post-261","page","type-page","status-publish","hentry"],"_links":{"self":[{"href":"https:\/\/www.anakovacspsicologia.com\/en\/wp-json\/wp\/v2\/pages\/261","targetHints":{"allow":["GET"]}}],"collection":[{"href":"https:\/\/www.anakovacspsicologia.com\/en\/wp-json\/wp\/v2\/pages"}],"about":[{"href":"https:\/\/www.anakovacspsicologia.com\/en\/wp-json\/wp\/v2\/types\/page"}],"author":[{"embeddable":true,"href":"https:\/\/www.anakovacspsicologia.com\/en\/wp-json\/wp\/v2\/users\/1"}],"replies":[{"embeddable":true,"href":"https:\/\/www.anakovacspsicologia.com\/en\/wp-json\/wp\/v2\/comments?post=261"}],"version-history":[{"count":63,"href":"https:\/\/www.anakovacspsicologia.com\/en\/wp-json\/wp\/v2\/pages\/261\/revisions"}],"predecessor-version":[{"id":1882,"href":"https:\/\/www.anakovacspsicologia.com\/en\/wp-json\/wp\/v2\/pages\/261\/revisions\/1882"}],"wp:attachment":[{"href":"https:\/\/www.anakovacspsicologia.com\/en\/wp-json\/wp\/v2\/media?parent=261"}],"curies":[{"name":"wp","href":"https:\/\/api.w.org\/{rel}","templated":true}]}}