{"id":1238,"date":"2023-08-12T13:10:51","date_gmt":"2023-08-12T11:10:51","guid":{"rendered":"https:\/\/www.anakovacspsicologia.com\/?page_id=1238"},"modified":"2024-07-15T12:08:42","modified_gmt":"2024-07-15T10:08:42","slug":"psicologia-para-adultos","status":"publish","type":"page","link":"https:\/\/www.anakovacspsicologia.com\/en\/consultas\/psicologia-para-adultos\/","title":{"rendered":"Adults"},"content":{"rendered":"<div data-vc-full-width=\"true\" data-vc-full-width-init=\"false\" data-vc-stretch-content=\"true\" class=\"vc_row wpb_row vc_row-fluid vc_row-no-padding vc_row-o-equal-height vc_row-o-content-middle vc_row-flex\"><div class=\"home-padding2 wpb_column vc_column_container vc_col-sm-6\"><div class=\"vc_column-inner\"><div class=\"wpb_wrapper\"><div class=\"ult-content-box-container\" >\t\t<div class=\"ult-content-box\" style=\"background-color:#ffffff;box-shadow: px px px px none;padding-top:100px;padding-right:80px;padding-bottom:100px;padding-left:80px;min-height:500px;-webkit-transition: all 700ms ease;-moz-transition: all 700ms ease;-ms-transition: all 700ms ease;-o-transition: all 700ms ease;transition: all 700ms ease;\"  data-hover_box_shadow=\"none\"     data-bg=\"#ffffff\" ><h3 style=\"text-align: left\" class=\"vc_custom_heading\" >THERAPY FOR ADULTS<\/h3><div class=\"vc_empty_space\"   style=\"height: 20px\"><span class=\"vc_empty_space_inner\"><\/span><\/div>\n\t<div class=\"wpb_text_column wpb_content_element\" >\n\t\t<div class=\"wpb_wrapper\">\n\t\t\t<p><span style=\"font-weight: 400;\">Sometimes they are physical (and annoying) symptoms that warn us that something is happening to us. Other times there is determination, concern for knowledge or the need to seek change. Discomfort is uncomfortable but it also pushes us to seek help.<\/span><\/p>\n<p><span style=\"font-weight: 400;\">To achieve a change, to guide ourselves, to discover what is really happening. To feel differently, with others and with ourselves.<\/span><\/p>\n\n\t\t<\/div>\n\t<\/div>\n\t\t<\/div><\/div><\/div><\/div><\/div><div class=\"minheightbox-mobile wpb_column vc_column_container vc_col-sm-6 vc_col-has-fill\"><div class=\"vc_column-inner vc_custom_1720444766004\"><div class=\"wpb_wrapper\"><\/div><\/div><\/div><\/div><div class=\"vc_row-full-width vc_clearfix\"><\/div><div class=\"vc_row wpb_row vc_row-fluid vc_custom_1700080833066\"><div class=\"wpb_column vc_column_container vc_col-sm-12\"><div class=\"vc_column-inner\"><div class=\"wpb_wrapper\"><h3 style=\"color: #ffffff;line-height: 1em;text-align: center\" class=\"vc_custom_heading\" >Make your appointment with me<\/h3><div class=\"vc_custom_1700401608318 ubtn-ctn-center\"><a class=\"ubtn-link ult-adjust-bottom-margin ubtn-center ubtn-normal\" href=\"https:\/\/www.anakovacspsicologia.com\/contacto\/\" title=\"Contact\" ><button type=\"button\" id=\"ubtn-1221\"  class=\"ubtn ult-adjust-bottom-margin ult-responsive ubtn-normal ubtn-fade-bg  none  ubtn-center   tooltip-69f3019741d52\"  data-hover=\"#ffffff\" data-border-color=\"\" data-bg=\"#d3aaa3\" data-hover-bg=\"rgba(211,170,163,0.45)\" data-border-hover=\"\" data-shadow-hover=\"\" data-shadow-click=\"none\" data-shadow=\"\" data-shd-shadow=\"\"  data-ultimate-target='#ubtn-1221'  data-responsive-json-new='{\"font-size\":\"desktop:16px;\",\"line-height\":\"\"}'  style=\"font-weight:bold;border:none;background: #d3aaa3;color: #ffffff;\"><span class=\"ubtn-hover\" style=\"background-color:rgba(211,170,163,0.45)\"><\/span><span class=\"ubtn-data ubtn-text\" >Make an appointment<\/span><\/button><\/a><\/div><\/div><\/div><\/div><\/div><!-- Row Backgrounds --><div class=\"upb_bg_img\" data-ultimate-bg=\"url(https:\/\/www.anakovacspsicologia.com\/wp-content\/uploads\/2023\/08\/Psicologia-Terapias-Madrid-Ana-Kovacs-4.webp)\" data-image-id=\"id^1359|url^https:\/\/www.anakovacspsicologia.com\/wp-content\/uploads\/2023\/08\/Psicologia-Terapias-Madrid-Ana-Kovacs-4.webp|caption^null|alt^null|title^Psicolog\u00eda Terapias Madrid Ana Kovacs (4)|description^null\" data-ultimate-bg-style=\"vcpb-default\" data-bg-img-repeat=\"no-repeat\" data-bg-img-size=\"cover\" data-bg-img-position=\"\" data-parallx_sense=\"30\" data-bg-override=\"ex-full\" data-bg_img_attach=\"scroll\" data-upb-overlay-color=\"rgba(0,0,0,0.85)\" data-upb-bg-animation=\"\" data-fadeout=\"\" data-bg-animation=\"left-animation\" data-bg-animation-type=\"h\" data-animation-repeat=\"repeat\" data-fadeout-percentage=\"30\" data-parallax-content=\"\" data-parallax-content-sense=\"30\" data-row-effect-mobile-disable=\"true\" data-img-parallax-mobile-disable=\"true\" data-rtl=\"false\"  data-custom-vc-row=\"\"  data-vc=\"6.10.1\"  data-is_old_vc=\"\"  data-theme-support=\"\"   data-overlay=\"true\" data-overlay-color=\"rgba(0,0,0,0.85)\" data-overlay-pattern=\"\" data-overlay-pattern-opacity=\"0.8\" data-overlay-pattern-size=\"\" data-overlay-pattern-attachment=\"scroll\"    ><\/div><div data-vc-full-width=\"true\" data-vc-full-width-init=\"false\" data-vc-stretch-content=\"true\" class=\"vc_row wpb_row vc_row-fluid vc_row-no-padding vc_row-o-equal-height vc_row-o-content-middle vc_row-flex\"><div class=\"minheightbox-mobile wpb_column vc_column_container vc_col-sm-6 vc_col-has-fill\"><div class=\"vc_column-inner vc_custom_1721038103386\"><div class=\"wpb_wrapper\"><\/div><\/div><\/div><div class=\"home-padding2 wpb_column vc_column_container vc_col-sm-6\"><div class=\"vc_column-inner\"><div class=\"wpb_wrapper\"><div class=\"ult-content-box-container\" >\t\t<div class=\"ult-content-box\" style=\"background-color:#ffffff;box-shadow: px px px px none;padding-top:100px;padding-right:80px;padding-bottom:100px;padding-left:80px;min-height:500px;-webkit-transition: all 700ms ease;-moz-transition: all 700ms ease;-ms-transition: all 700ms ease;-o-transition: all 700ms ease;transition: all 700ms ease;\"  data-hover_box_shadow=\"none\"     data-bg=\"#ffffff\" ><h3 style=\"text-align: left\" class=\"vc_custom_heading\" >WHAT DO WE WORK?<\/h3><div class=\"vc_empty_space\"   style=\"height: 20px\"><span class=\"vc_empty_space_inner\"><\/span><\/div>\n\t<div class=\"wpb_text_column wpb_content_element\" >\n\t\t<div class=\"wpb_wrapper\">\n\t\t\t<ul>\n<li>To achieve a change, to guide ourselves, to discover what is really happening.<\/li>\n<li>Emotional discomfort, dissatisfaction, anxiety, crisis, losses, breakups, work discomfort, social relationships...<br \/>\nInsomnia and sleep disorders, eating disorders, somatization<\/li>\n<li>The goal is to feel differently, with others and with ourselves.<\/li>\n<\/ul>\n\n\t\t<\/div>\n\t<\/div>\n<div class=\"vc_empty_space\"   style=\"height: 40px\"><span class=\"vc_empty_space_inner\"><\/span><\/div>\t\t<\/div><\/div><\/div><\/div><\/div><\/div><div class=\"vc_row-full-width vc_clearfix\"><\/div>","protected":false},"excerpt":{"rendered":"TERAPIA PARA ADULTOS A veces son s\u00edntomas f\u00edsicos (y molestos), que nos avisan de que algo nos ocurre. Otras veces hay determinaci\u00f3n, inquietud por saber o la necesidad de buscar un cambio. El malestar es inc\u00f3modo pero tambi\u00e9n nos empuja a buscar ayuda. Para lograr un cambio, para orientarnos, para descubrir qu\u00e9 es realmente lo [...]","protected":false},"author":1,"featured_media":0,"parent":445,"menu_order":0,"comment_status":"closed","ping_status":"closed","template":"page.php","meta":{"footnotes":""},"class_list":["post-1238","page","type-page","status-publish","hentry"],"_links":{"self":[{"href":"https:\/\/www.anakovacspsicologia.com\/en\/wp-json\/wp\/v2\/pages\/1238","targetHints":{"allow":["GET"]}}],"collection":[{"href":"https:\/\/www.anakovacspsicologia.com\/en\/wp-json\/wp\/v2\/pages"}],"about":[{"href":"https:\/\/www.anakovacspsicologia.com\/en\/wp-json\/wp\/v2\/types\/page"}],"author":[{"embeddable":true,"href":"https:\/\/www.anakovacspsicologia.com\/en\/wp-json\/wp\/v2\/users\/1"}],"replies":[{"embeddable":true,"href":"https:\/\/www.anakovacspsicologia.com\/en\/wp-json\/wp\/v2\/comments?post=1238"}],"version-history":[{"count":9,"href":"https:\/\/www.anakovacspsicologia.com\/en\/wp-json\/wp\/v2\/pages\/1238\/revisions"}],"predecessor-version":[{"id":1878,"href":"https:\/\/www.anakovacspsicologia.com\/en\/wp-json\/wp\/v2\/pages\/1238\/revisions\/1878"}],"up":[{"embeddable":true,"href":"https:\/\/www.anakovacspsicologia.com\/en\/wp-json\/wp\/v2\/pages\/445"}],"wp:attachment":[{"href":"https:\/\/www.anakovacspsicologia.com\/en\/wp-json\/wp\/v2\/media?parent=1238"}],"curies":[{"name":"wp","href":"https:\/\/api.w.org\/{rel}","templated":true}]}}